{"id":1673,"date":"2021-02-08T15:45:59","date_gmt":"2021-02-08T15:45:59","guid":{"rendered":"http:\/\/fiachraol.com\/?page_id=1673"},"modified":"2025-02-18T14:39:03","modified_gmt":"2025-02-18T14:39:03","slug":"delusions-of-grainne","status":"publish","type":"page","link":"https:\/\/fiachraol.com\/index.php\/delusions-of-grainne\/","title":{"rendered":"Delusions of Gr\u00e1inne"},"content":{"rendered":"<style>.kb-row-layout-id1673_6a5c1e-c3 > .kt-row-column-wrap{align-content:start;}:where(.kb-row-layout-id1673_6a5c1e-c3 > .kt-row-column-wrap) > .wp-block-kadence-column{justify-content:start;}.kb-row-layout-id1673_6a5c1e-c3 > .kt-row-column-wrap{column-gap:var(--global-kb-gap-md, 2rem);row-gap:var(--global-kb-gap-md, 2rem);padding-top:var(--global-kb-spacing-sm, 1.5rem);padding-bottom:var(--global-kb-spacing-sm, 1.5rem);grid-template-columns:minmax(0, calc(15% - ((var(--global-kb-gap-md, 2rem) * 2 )\/3)))minmax(0, calc(70% - ((var(--global-kb-gap-md, 2rem) * 2 )\/3)))minmax(0, calc(15% - ((var(--global-kb-gap-md, 2rem) * 2 )\/3)));}.kb-row-layout-id1673_6a5c1e-c3 > .kt-row-layout-overlay{opacity:0.30;}@media all and (max-width: 1024px){.kb-row-layout-id1673_6a5c1e-c3 > .kt-row-column-wrap > div:not(.added-for-specificity){grid-column:initial;}}@media all and (max-width: 1024px){.kb-row-layout-id1673_6a5c1e-c3 > .kt-row-column-wrap{grid-template-columns:minmax(0, 1fr) minmax(0, 3fr) minmax(0, 1fr);}}@media all and (max-width: 767px){.kb-row-layout-id1673_6a5c1e-c3 > .kt-row-column-wrap > div:not(.added-for-specificity){grid-column:initial;}.kb-row-layout-id1673_6a5c1e-c3 > .kt-row-column-wrap{grid-template-columns:minmax(0, 1fr);}}<\/style><div class=\"kb-row-layout-wrap kb-row-layout-id1673_6a5c1e-c3 alignnone wp-block-kadence-rowlayout\"><div class=\"kt-row-column-wrap kt-has-3-columns kt-row-layout-center-wide kt-tab-layout-inherit kt-mobile-layout-row kt-row-valign-top\">\n<style>.kadence-column1673_02a4f5-59 > .kt-inside-inner-col,.kadence-column1673_02a4f5-59 > .kt-inside-inner-col:before{border-top-left-radius:0px;border-top-right-radius:0px;border-bottom-right-radius:0px;border-bottom-left-radius:0px;}.kadence-column1673_02a4f5-59 > .kt-inside-inner-col{column-gap:var(--global-kb-gap-sm, 1rem);}.kadence-column1673_02a4f5-59 > .kt-inside-inner-col{flex-direction:column;}.kadence-column1673_02a4f5-59 > .kt-inside-inner-col > .aligncenter{width:100%;}.kadence-column1673_02a4f5-59 > .kt-inside-inner-col:before{opacity:0.3;}.kadence-column1673_02a4f5-59{position:relative;}@media all and (max-width: 1024px){.kadence-column1673_02a4f5-59 > .kt-inside-inner-col{flex-direction:column;justify-content:center;}}@media all and (max-width: 767px){.kadence-column1673_02a4f5-59 > .kt-inside-inner-col{flex-direction:column;justify-content:center;}}<\/style>\n<div class=\"wp-block-kadence-column kadence-column1673_02a4f5-59 inner-column-1\"><div class=\"kt-inside-inner-col\"><\/div><\/div>\n\n\n<style>.kadence-column1673_9f5088-39 > .kt-inside-inner-col,.kadence-column1673_9f5088-39 > .kt-inside-inner-col:before{border-top-left-radius:0px;border-top-right-radius:0px;border-bottom-right-radius:0px;border-bottom-left-radius:0px;}.kadence-column1673_9f5088-39 > .kt-inside-inner-col{column-gap:var(--global-kb-gap-sm, 1rem);}.kadence-column1673_9f5088-39 > .kt-inside-inner-col{flex-direction:column;}.kadence-column1673_9f5088-39 > .kt-inside-inner-col > .aligncenter{width:100%;}.kadence-column1673_9f5088-39 > .kt-inside-inner-col:before{opacity:0.3;}.kadence-column1673_9f5088-39, .kadence-column1673_9f5088-39 h1, .kadence-column1673_9f5088-39 h2, .kadence-column1673_9f5088-39 h3, .kadence-column1673_9f5088-39 h4, .kadence-column1673_9f5088-39 h5, .kadence-column1673_9f5088-39 h6{color:#000000;}.kadence-column1673_9f5088-39{position:relative;}@media all and (max-width: 1024px){.kadence-column1673_9f5088-39 > .kt-inside-inner-col{flex-direction:column;justify-content:center;}}@media all and (max-width: 767px){.kadence-column1673_9f5088-39 > .kt-inside-inner-col{flex-direction:column;justify-content:center;}}<\/style>\n<div class=\"wp-block-kadence-column kadence-column1673_9f5088-39 inner-column-2\"><div class=\"kt-inside-inner-col\">\n<figure class=\"wp-block-embed is-type-video is-provider-vimeo wp-block-embed-vimeo wp-embed-aspect-16-9 wp-has-aspect-ratio\"><div class=\"wp-block-embed__wrapper\">\n<iframe loading=\"lazy\" title=\"Delusions of Gr\u00e1inne\" src=\"https:\/\/player.vimeo.com\/video\/415345777?dnt=1&amp;app_id=122963\" width=\"720\" height=\"405\" frameborder=\"0\" allow=\"autoplay; fullscreen; picture-in-picture; clipboard-write; encrypted-media\"><\/iframe>\n<\/div><\/figure>\n<\/div><\/div>\n\n\n<style>.kadence-column1673_c60d95-c7 > .kt-inside-inner-col,.kadence-column1673_c60d95-c7 > .kt-inside-inner-col:before{border-top-left-radius:0px;border-top-right-radius:0px;border-bottom-right-radius:0px;border-bottom-left-radius:0px;}.kadence-column1673_c60d95-c7 > .kt-inside-inner-col{column-gap:var(--global-kb-gap-sm, 1rem);}.kadence-column1673_c60d95-c7 > .kt-inside-inner-col{flex-direction:column;}.kadence-column1673_c60d95-c7 > .kt-inside-inner-col > .aligncenter{width:100%;}.kadence-column1673_c60d95-c7 > .kt-inside-inner-col:before{opacity:0.3;}.kadence-column1673_c60d95-c7{position:relative;}@media all and (max-width: 1024px){.kadence-column1673_c60d95-c7 > .kt-inside-inner-col{flex-direction:column;justify-content:center;}}@media all and (max-width: 767px){.kadence-column1673_c60d95-c7 > .kt-inside-inner-col{flex-direction:column;justify-content:center;}}<\/style>\n<div class=\"wp-block-kadence-column kadence-column1673_c60d95-c7 inner-column-3\"><div class=\"kt-inside-inner-col\"><\/div><\/div>\n\n<\/div><\/div>\n\n<style>.kb-row-layout-id1673_71b4c9-95 > .kt-row-column-wrap{align-content:start;}:where(.kb-row-layout-id1673_71b4c9-95 > .kt-row-column-wrap) > .wp-block-kadence-column{justify-content:start;}.kb-row-layout-id1673_71b4c9-95 > .kt-row-column-wrap{column-gap:var(--global-kb-gap-md, 2rem);row-gap:var(--global-kb-gap-md, 2rem);padding-top:var(--global-kb-spacing-sm, 1.5rem);padding-bottom:var(--global-kb-spacing-sm, 1.5rem);grid-template-columns:minmax(0, 1fr);}.kb-row-layout-id1673_71b4c9-95 > .kt-row-layout-overlay{opacity:0.30;}@media all and (max-width: 1024px){.kb-row-layout-id1673_71b4c9-95 > .kt-row-column-wrap{grid-template-columns:minmax(0, 1fr);}}@media all and (max-width: 767px){.kb-row-layout-id1673_71b4c9-95 > .kt-row-column-wrap{grid-template-columns:minmax(0, 1fr);}}<\/style><div class=\"kb-row-layout-wrap kb-row-layout-id1673_71b4c9-95 alignnone wp-block-kadence-rowlayout\"><div class=\"kt-row-column-wrap kt-has-1-columns kt-row-layout-equal kt-tab-layout-inherit kt-mobile-layout-row kt-row-valign-top\">\n<style>.kadence-column1673_aa3d40-1f > .kt-inside-inner-col,.kadence-column1673_aa3d40-1f > .kt-inside-inner-col:before{border-top-left-radius:0px;border-top-right-radius:0px;border-bottom-right-radius:0px;border-bottom-left-radius:0px;}.kadence-column1673_aa3d40-1f > .kt-inside-inner-col{column-gap:var(--global-kb-gap-sm, 1rem);}.kadence-column1673_aa3d40-1f > .kt-inside-inner-col{flex-direction:column;}.kadence-column1673_aa3d40-1f > .kt-inside-inner-col > .aligncenter{width:100%;}.kadence-column1673_aa3d40-1f > .kt-inside-inner-col:before{opacity:0.3;}.kadence-column1673_aa3d40-1f{position:relative;}@media all and (max-width: 1024px){.kadence-column1673_aa3d40-1f > .kt-inside-inner-col{flex-direction:column;justify-content:center;}}@media all and (max-width: 767px){.kadence-column1673_aa3d40-1f > .kt-inside-inner-col{flex-direction:column;justify-content:center;}}<\/style>\n<div class=\"wp-block-kadence-column kadence-column1673_aa3d40-1f\"><div class=\"kt-inside-inner-col\">\n<p class=\"has-text-align-center\">An old man journeys into a world within his own mind, searching for a long lost woman.<br>Written by and starring the late <strong>Paul Moore<\/strong> (<em>AnNua Productions, Brink Productions<\/em>), to whose memory this film is now dedicated.<br>Filmed, directed, edited and soundtracked by <strong>Fiachra \u00d3 Long\u00e1in<\/strong>. Produced by <strong>Fiachra \u00d3 Long\u00e1in<\/strong> in collaboration with <strong>Paul Moore<\/strong>.<br>Screened at the <em>Foyle Film Festival 2019<\/em>, <em>Disappear Here Film Festival 2019<\/em>, <em>Carlow International Film Festival 2019<\/em> &amp; more.<br><br>Cast:<br><strong>Michael &#8211; Paul Moore<\/strong><br><strong>Gr\u00e1inne &#8211; Maeve Smyth<\/strong><br>Filmed in Donegal and Derry in 2018.<\/p>\n\n\n\n<p class=\"has-text-align-center\"><\/p>\n<\/div><\/div>\n\n<\/div><\/div>\n\n\n<p><\/p>\n","protected":false},"excerpt":{"rendered":"<p>An old man journeys into a world within his own mind, searching for a long lost woman.Written by and starring the late Paul Moore (AnNua Productions, Brink Productions), to whose memory this film is now dedicated.Filmed, directed, edited and soundtracked by Fiachra \u00d3 Long\u00e1in. Produced by Fiachra \u00d3 Long\u00e1in in collaboration with Paul Moore.Screened at&#8230;<\/p>\n","protected":false},"author":1,"featured_media":0,"parent":0,"menu_order":0,"comment_status":"closed","ping_status":"closed","template":"","meta":{"_kadence_starter_templates_imported_post":false,"_kad_post_transparent":"default","_kad_post_title":"hide","_kad_post_layout":"fullwidth","_kad_post_sidebar_id":"","_kad_post_content_style":"","_kad_post_vertical_padding":"","_kad_post_feature":"hide","_kad_post_feature_position":"","_kad_post_header":false,"_kad_post_footer":false,"_kad_post_classname":"","footnotes":""},"class_list":["post-1673","page","type-page","status-publish","hentry"],"_links":{"self":[{"href":"https:\/\/fiachraol.com\/index.php\/wp-json\/wp\/v2\/pages\/1673","targetHints":{"allow":["GET"]}}],"collection":[{"href":"https:\/\/fiachraol.com\/index.php\/wp-json\/wp\/v2\/pages"}],"about":[{"href":"https:\/\/fiachraol.com\/index.php\/wp-json\/wp\/v2\/types\/page"}],"author":[{"embeddable":true,"href":"https:\/\/fiachraol.com\/index.php\/wp-json\/wp\/v2\/users\/1"}],"replies":[{"embeddable":true,"href":"https:\/\/fiachraol.com\/index.php\/wp-json\/wp\/v2\/comments?post=1673"}],"version-history":[{"count":10,"href":"https:\/\/fiachraol.com\/index.php\/wp-json\/wp\/v2\/pages\/1673\/revisions"}],"predecessor-version":[{"id":2578,"href":"https:\/\/fiachraol.com\/index.php\/wp-json\/wp\/v2\/pages\/1673\/revisions\/2578"}],"wp:attachment":[{"href":"https:\/\/fiachraol.com\/index.php\/wp-json\/wp\/v2\/media?parent=1673"}],"curies":[{"name":"wp","href":"https:\/\/api.w.org\/{rel}","templated":true}]}}