{"id":1688,"date":"2021-02-08T16:39:52","date_gmt":"2021-02-08T16:39:52","guid":{"rendered":"http:\/\/fiachraol.com\/?page_id=1688"},"modified":"2025-12-05T21:36:04","modified_gmt":"2025-12-05T21:36:04","slug":"chaos-and-quiet","status":"publish","type":"page","link":"https:\/\/fiachraol.com\/index.php\/chaos-and-quiet\/","title":{"rendered":"Chaos &#038; Quiet"},"content":{"rendered":"<style>.kb-row-layout-id1688_815fb2-e3 > .kt-row-column-wrap{align-content:start;}:where(.kb-row-layout-id1688_815fb2-e3 > .kt-row-column-wrap) > .wp-block-kadence-column{justify-content:start;}.kb-row-layout-id1688_815fb2-e3 > .kt-row-column-wrap{column-gap:var(--global-kb-gap-md, 2rem);row-gap:var(--global-kb-gap-md, 2rem);padding-top:0px;padding-bottom:30px;grid-template-columns:minmax(0, calc(15% - ((var(--global-kb-gap-md, 2rem) * 2 )\/3)))minmax(0, calc(70% - ((var(--global-kb-gap-md, 2rem) * 2 )\/3)))minmax(0, calc(15% - ((var(--global-kb-gap-md, 2rem) * 2 )\/3)));}.kb-row-layout-id1688_815fb2-e3 > .kt-row-layout-overlay{opacity:0.30;}@media all and (max-width: 1024px){.kb-row-layout-id1688_815fb2-e3 > .kt-row-column-wrap > div:not(.added-for-specificity){grid-column:initial;}}@media all and (max-width: 1024px){.kb-row-layout-id1688_815fb2-e3 > .kt-row-column-wrap{grid-template-columns:repeat(3, minmax(0, 1fr));}}@media all and (max-width: 767px){.kb-row-layout-id1688_815fb2-e3 > .kt-row-column-wrap > div:not(.added-for-specificity){grid-column:initial;}.kb-row-layout-id1688_815fb2-e3 > .kt-row-column-wrap{grid-template-columns:minmax(0, 1fr);}}<\/style><div class=\"kb-row-layout-wrap kb-row-layout-id1688_815fb2-e3 alignnone wp-block-kadence-rowlayout\"><div class=\"kt-row-column-wrap kt-has-3-columns kt-row-layout-equal kt-tab-layout-inherit kt-mobile-layout-row kt-row-valign-top\">\n<style>.kadence-column1688_8d7d4c-df > .kt-inside-inner-col,.kadence-column1688_8d7d4c-df > .kt-inside-inner-col:before{border-top-left-radius:0px;border-top-right-radius:0px;border-bottom-right-radius:0px;border-bottom-left-radius:0px;}.kadence-column1688_8d7d4c-df > .kt-inside-inner-col{column-gap:var(--global-kb-gap-sm, 1rem);}.kadence-column1688_8d7d4c-df > .kt-inside-inner-col{flex-direction:column;}.kadence-column1688_8d7d4c-df > .kt-inside-inner-col > .aligncenter{width:100%;}.kadence-column1688_8d7d4c-df > .kt-inside-inner-col:before{opacity:0.3;}.kadence-column1688_8d7d4c-df{position:relative;}@media all and (max-width: 1024px){.kadence-column1688_8d7d4c-df > .kt-inside-inner-col{flex-direction:column;justify-content:center;}}@media all and (max-width: 767px){.kadence-column1688_8d7d4c-df > .kt-inside-inner-col{flex-direction:column;justify-content:center;}}<\/style>\n<div class=\"wp-block-kadence-column kadence-column1688_8d7d4c-df inner-column-1\"><div class=\"kt-inside-inner-col\"><\/div><\/div>\n\n\n<style>.kadence-column1688_750567-26 > .kt-inside-inner-col,.kadence-column1688_750567-26 > .kt-inside-inner-col:before{border-top-left-radius:0px;border-top-right-radius:0px;border-bottom-right-radius:0px;border-bottom-left-radius:0px;}.kadence-column1688_750567-26 > .kt-inside-inner-col{column-gap:var(--global-kb-gap-sm, 1rem);}.kadence-column1688_750567-26 > .kt-inside-inner-col{flex-direction:column;}.kadence-column1688_750567-26 > .kt-inside-inner-col > .aligncenter{width:100%;}.kadence-column1688_750567-26 > .kt-inside-inner-col:before{opacity:0.3;}.kadence-column1688_750567-26{position:relative;}@media all and (max-width: 1024px){.kadence-column1688_750567-26 > .kt-inside-inner-col{flex-direction:column;justify-content:center;}}@media all and (max-width: 767px){.kadence-column1688_750567-26 > .kt-inside-inner-col{flex-direction:column;justify-content:center;}}<\/style>\n<div class=\"wp-block-kadence-column kadence-column1688_750567-26 inner-column-2\"><div class=\"kt-inside-inner-col\"><style>.wp-block-kadence-advancedheading.kt-adv-heading1688_0285bb-45, .wp-block-kadence-advancedheading.kt-adv-heading1688_0285bb-45[data-kb-block=\"kb-adv-heading1688_0285bb-45\"]{text-align:center;font-style:normal;}.wp-block-kadence-advancedheading.kt-adv-heading1688_0285bb-45 mark.kt-highlight, .wp-block-kadence-advancedheading.kt-adv-heading1688_0285bb-45[data-kb-block=\"kb-adv-heading1688_0285bb-45\"] mark.kt-highlight{font-style:normal;color:#f76a0c;-webkit-box-decoration-break:clone;box-decoration-break:clone;padding-top:0px;padding-right:0px;padding-bottom:0px;padding-left:0px;}.wp-block-kadence-advancedheading.kt-adv-heading1688_0285bb-45 img.kb-inline-image, .wp-block-kadence-advancedheading.kt-adv-heading1688_0285bb-45[data-kb-block=\"kb-adv-heading1688_0285bb-45\"] img.kb-inline-image{width:150px;vertical-align:baseline;}<\/style>\n<h2 class=\"kt-adv-heading1688_0285bb-45 wp-block-kadence-advancedheading\" data-kb-block=\"kb-adv-heading1688_0285bb-45\"><strong>Chaos &amp; Quiet<\/strong><\/h2>\n\n\n\n<h3 class=\"wp-block-heading has-text-align-center\">co-directed by Fiachra \u00d3 Long\u00e1in &amp; S\u00e9an Coyle<\/h3>\n<\/div><\/div>\n\n\n<style>.kadence-column1688_7bc7c2-da > .kt-inside-inner-col,.kadence-column1688_7bc7c2-da > .kt-inside-inner-col:before{border-top-left-radius:0px;border-top-right-radius:0px;border-bottom-right-radius:0px;border-bottom-left-radius:0px;}.kadence-column1688_7bc7c2-da > .kt-inside-inner-col{column-gap:var(--global-kb-gap-sm, 1rem);}.kadence-column1688_7bc7c2-da > .kt-inside-inner-col{flex-direction:column;}.kadence-column1688_7bc7c2-da > .kt-inside-inner-col > .aligncenter{width:100%;}.kadence-column1688_7bc7c2-da > .kt-inside-inner-col:before{opacity:0.3;}.kadence-column1688_7bc7c2-da{position:relative;}@media all and (max-width: 1024px){.kadence-column1688_7bc7c2-da > .kt-inside-inner-col{flex-direction:column;justify-content:center;}}@media all and (max-width: 767px){.kadence-column1688_7bc7c2-da > .kt-inside-inner-col{flex-direction:column;justify-content:center;}}<\/style>\n<div class=\"wp-block-kadence-column kadence-column1688_7bc7c2-da inner-column-3\"><div class=\"kt-inside-inner-col\"><\/div><\/div>\n\n<\/div><\/div>\n\n<style>.kb-row-layout-id1688_e3c93b-e8 > .kt-row-column-wrap{align-content:start;}:where(.kb-row-layout-id1688_e3c93b-e8 > .kt-row-column-wrap) > .wp-block-kadence-column{justify-content:start;}.kb-row-layout-id1688_e3c93b-e8 > .kt-row-column-wrap{column-gap:var(--global-kb-gap-md, 2rem);row-gap:var(--global-kb-gap-md, 2rem);padding-top:0px;padding-bottom:71px;grid-template-columns:minmax(0, calc(15% - ((var(--global-kb-gap-md, 2rem) * 2 )\/3)))minmax(0, calc(70% - ((var(--global-kb-gap-md, 2rem) * 2 )\/3)))minmax(0, calc(15% - ((var(--global-kb-gap-md, 2rem) * 2 )\/3)));}.kb-row-layout-id1688_e3c93b-e8 > .kt-row-layout-overlay{opacity:0.30;}@media all and (max-width: 1024px){.kb-row-layout-id1688_e3c93b-e8 > .kt-row-column-wrap > div:not(.added-for-specificity){grid-column:initial;}}@media all and (max-width: 1024px){.kb-row-layout-id1688_e3c93b-e8 > .kt-row-column-wrap{grid-template-columns:repeat(3, minmax(0, 1fr));}}@media all and (max-width: 767px){.kb-row-layout-id1688_e3c93b-e8 > .kt-row-column-wrap > div:not(.added-for-specificity){grid-column:initial;}.kb-row-layout-id1688_e3c93b-e8 > .kt-row-column-wrap{grid-template-columns:minmax(0, 1fr);}}<\/style><div class=\"kb-row-layout-wrap kb-row-layout-id1688_e3c93b-e8 alignnone wp-block-kadence-rowlayout\"><div class=\"kt-row-column-wrap kt-has-3-columns kt-row-layout-equal kt-tab-layout-inherit kt-mobile-layout-row kt-row-valign-top\">\n<style>.kadence-column1688_abe99b-7c > .kt-inside-inner-col,.kadence-column1688_abe99b-7c > .kt-inside-inner-col:before{border-top-left-radius:0px;border-top-right-radius:0px;border-bottom-right-radius:0px;border-bottom-left-radius:0px;}.kadence-column1688_abe99b-7c > .kt-inside-inner-col{column-gap:var(--global-kb-gap-sm, 1rem);}.kadence-column1688_abe99b-7c > .kt-inside-inner-col{flex-direction:column;}.kadence-column1688_abe99b-7c > .kt-inside-inner-col > .aligncenter{width:100%;}.kadence-column1688_abe99b-7c > .kt-inside-inner-col:before{opacity:0.3;}.kadence-column1688_abe99b-7c{position:relative;}@media all and (max-width: 1024px){.kadence-column1688_abe99b-7c > .kt-inside-inner-col{flex-direction:column;justify-content:center;}}@media all and (max-width: 767px){.kadence-column1688_abe99b-7c > .kt-inside-inner-col{flex-direction:column;justify-content:center;}}<\/style>\n<div class=\"wp-block-kadence-column kadence-column1688_abe99b-7c inner-column-1\"><div class=\"kt-inside-inner-col\"><\/div><\/div>\n\n\n<style>.kadence-column1688_4ea665-c6 > .kt-inside-inner-col,.kadence-column1688_4ea665-c6 > .kt-inside-inner-col:before{border-top-left-radius:0px;border-top-right-radius:0px;border-bottom-right-radius:0px;border-bottom-left-radius:0px;}.kadence-column1688_4ea665-c6 > .kt-inside-inner-col{column-gap:var(--global-kb-gap-sm, 1rem);}.kadence-column1688_4ea665-c6 > .kt-inside-inner-col{flex-direction:column;}.kadence-column1688_4ea665-c6 > .kt-inside-inner-col > .aligncenter{width:100%;}.kadence-column1688_4ea665-c6 > .kt-inside-inner-col:before{opacity:0.3;}.kadence-column1688_4ea665-c6{position:relative;}@media all and (max-width: 1024px){.kadence-column1688_4ea665-c6 > .kt-inside-inner-col{flex-direction:column;justify-content:center;}}@media all and (max-width: 767px){.kadence-column1688_4ea665-c6 > .kt-inside-inner-col{flex-direction:column;justify-content:center;}}<\/style>\n<div class=\"wp-block-kadence-column kadence-column1688_4ea665-c6 inner-column-2\"><div class=\"kt-inside-inner-col\"><style>.wp-block-kadence-advancedheading.kt-adv-heading1688_d6db87-52, .wp-block-kadence-advancedheading.kt-adv-heading1688_d6db87-52[data-kb-block=\"kb-adv-heading1688_d6db87-52\"]{text-align:center;font-style:normal;}.wp-block-kadence-advancedheading.kt-adv-heading1688_d6db87-52 mark.kt-highlight, .wp-block-kadence-advancedheading.kt-adv-heading1688_d6db87-52[data-kb-block=\"kb-adv-heading1688_d6db87-52\"] mark.kt-highlight{font-style:normal;color:#f76a0c;-webkit-box-decoration-break:clone;box-decoration-break:clone;padding-top:0px;padding-right:0px;padding-bottom:0px;padding-left:0px;}.wp-block-kadence-advancedheading.kt-adv-heading1688_d6db87-52 img.kb-inline-image, .wp-block-kadence-advancedheading.kt-adv-heading1688_d6db87-52[data-kb-block=\"kb-adv-heading1688_d6db87-52\"] img.kb-inline-image{width:150px;vertical-align:baseline;}<\/style>\n<p class=\"kt-adv-heading1688_d6db87-52 wp-block-kadence-advancedheading\" data-kb-block=\"kb-adv-heading1688_d6db87-52\"><strong>The lives of a father and son mirror each other &#8211; as professional boxer Tyrone McCullagh strives for glory, his father Vin relates his own struggles with mental health<\/strong>.<br><br>Official selection: <strong>Jacksonville Film Festival<\/strong> 2023, Florida<br>Winner, Best Documentary Short: <strong>Red Cedar Film Festival<\/strong> 2022, Wisconsin<br>Nominated, Best Documentary Short: <strong>Richard Harris International Film Festival <\/strong>2022<br>Official Selection: <strong>Newport Beach Film Festival<\/strong> 2022, California<br>Showcase screening at <strong>Foyle Film Festival<\/strong> 2022<br>Official Selection: <strong>Indie Cork Film Festival<\/strong> 2021<br>Official Selection: <strong>Docs Ireland<\/strong> 2021<br>Official Selection: <strong>Disappear Here Film Festival<\/strong> 2021<br>Nominated, Best Documentary: <strong>Louth International Film Festival<\/strong> 2021<br>Official Selection: <strong>12th Underground Cinema Film Awards<\/strong> 2021, Dublin<\/p>\n<\/div><\/div>\n\n\n<style>.kadence-column1688_bfbf5e-c5 > .kt-inside-inner-col,.kadence-column1688_bfbf5e-c5 > .kt-inside-inner-col:before{border-top-left-radius:0px;border-top-right-radius:0px;border-bottom-right-radius:0px;border-bottom-left-radius:0px;}.kadence-column1688_bfbf5e-c5 > .kt-inside-inner-col{column-gap:var(--global-kb-gap-sm, 1rem);}.kadence-column1688_bfbf5e-c5 > .kt-inside-inner-col{flex-direction:column;}.kadence-column1688_bfbf5e-c5 > .kt-inside-inner-col > .aligncenter{width:100%;}.kadence-column1688_bfbf5e-c5 > .kt-inside-inner-col:before{opacity:0.3;}.kadence-column1688_bfbf5e-c5{position:relative;}@media all and (max-width: 1024px){.kadence-column1688_bfbf5e-c5 > .kt-inside-inner-col{flex-direction:column;justify-content:center;}}@media all and (max-width: 767px){.kadence-column1688_bfbf5e-c5 > .kt-inside-inner-col{flex-direction:column;justify-content:center;}}<\/style>\n<div class=\"wp-block-kadence-column kadence-column1688_bfbf5e-c5 inner-column-3\"><div class=\"kt-inside-inner-col\"><\/div><\/div>\n\n<\/div><\/div>\n\n\n<figure class=\"wp-block-gallery has-nested-images columns-default is-cropped wp-block-gallery-1 is-layout-flex wp-block-gallery-is-layout-flex\">\n<figure class=\"wp-block-image size-large\"><img loading=\"lazy\" decoding=\"async\" width=\"1024\" height=\"576\" data-id=\"2750\" src=\"https:\/\/fiachraol.com\/wp-content\/uploads\/2025\/12\/Chaos-Quiet_1.1.1-1024x576.jpg\" alt=\"\" class=\"wp-image-2750\" srcset=\"https:\/\/fiachraol.com\/wp-content\/uploads\/2025\/12\/Chaos-Quiet_1.1.1-1024x576.jpg 1024w, https:\/\/fiachraol.com\/wp-content\/uploads\/2025\/12\/Chaos-Quiet_1.1.1-300x169.jpg 300w, https:\/\/fiachraol.com\/wp-content\/uploads\/2025\/12\/Chaos-Quiet_1.1.1-768x432.jpg 768w, https:\/\/fiachraol.com\/wp-content\/uploads\/2025\/12\/Chaos-Quiet_1.1.1-1536x864.jpg 1536w, https:\/\/fiachraol.com\/wp-content\/uploads\/2025\/12\/Chaos-Quiet_1.1.1-2048x1152.jpg 2048w\" sizes=\"auto, (max-width: 1024px) 100vw, 1024px\" \/><\/figure>\n\n\n\n<figure class=\"wp-block-image size-large\"><img loading=\"lazy\" decoding=\"async\" width=\"1024\" height=\"576\" data-id=\"2751\" src=\"https:\/\/fiachraol.com\/wp-content\/uploads\/2025\/12\/Chaos-Quiet_1.1.2-1024x576.jpg\" alt=\"\" class=\"wp-image-2751\" srcset=\"https:\/\/fiachraol.com\/wp-content\/uploads\/2025\/12\/Chaos-Quiet_1.1.2-1024x576.jpg 1024w, https:\/\/fiachraol.com\/wp-content\/uploads\/2025\/12\/Chaos-Quiet_1.1.2-300x169.jpg 300w, https:\/\/fiachraol.com\/wp-content\/uploads\/2025\/12\/Chaos-Quiet_1.1.2-768x432.jpg 768w, https:\/\/fiachraol.com\/wp-content\/uploads\/2025\/12\/Chaos-Quiet_1.1.2-1536x864.jpg 1536w, https:\/\/fiachraol.com\/wp-content\/uploads\/2025\/12\/Chaos-Quiet_1.1.2-2048x1152.jpg 2048w\" sizes=\"auto, (max-width: 1024px) 100vw, 1024px\" \/><\/figure>\n\n\n\n<figure class=\"wp-block-image size-large\"><img loading=\"lazy\" decoding=\"async\" width=\"1024\" height=\"576\" data-id=\"2753\" src=\"https:\/\/fiachraol.com\/wp-content\/uploads\/2025\/12\/Chaos-Quiet_2.2.1-1024x576.jpg\" alt=\"\" class=\"wp-image-2753\" srcset=\"https:\/\/fiachraol.com\/wp-content\/uploads\/2025\/12\/Chaos-Quiet_2.2.1-1024x576.jpg 1024w, https:\/\/fiachraol.com\/wp-content\/uploads\/2025\/12\/Chaos-Quiet_2.2.1-300x169.jpg 300w, https:\/\/fiachraol.com\/wp-content\/uploads\/2025\/12\/Chaos-Quiet_2.2.1-768x432.jpg 768w, https:\/\/fiachraol.com\/wp-content\/uploads\/2025\/12\/Chaos-Quiet_2.2.1-1536x864.jpg 1536w, https:\/\/fiachraol.com\/wp-content\/uploads\/2025\/12\/Chaos-Quiet_2.2.1-2048x1152.jpg 2048w\" sizes=\"auto, (max-width: 1024px) 100vw, 1024px\" \/><\/figure>\n\n\n\n<figure class=\"wp-block-image size-large\"><img loading=\"lazy\" decoding=\"async\" width=\"1024\" height=\"576\" data-id=\"2752\" src=\"https:\/\/fiachraol.com\/wp-content\/uploads\/2025\/12\/Chaos-Quiet_1.1.3-1024x576.jpg\" alt=\"\" class=\"wp-image-2752\" srcset=\"https:\/\/fiachraol.com\/wp-content\/uploads\/2025\/12\/Chaos-Quiet_1.1.3-1024x576.jpg 1024w, https:\/\/fiachraol.com\/wp-content\/uploads\/2025\/12\/Chaos-Quiet_1.1.3-300x169.jpg 300w, https:\/\/fiachraol.com\/wp-content\/uploads\/2025\/12\/Chaos-Quiet_1.1.3-768x432.jpg 768w, https:\/\/fiachraol.com\/wp-content\/uploads\/2025\/12\/Chaos-Quiet_1.1.3-1536x864.jpg 1536w, https:\/\/fiachraol.com\/wp-content\/uploads\/2025\/12\/Chaos-Quiet_1.1.3-2048x1152.jpg 2048w\" sizes=\"auto, (max-width: 1024px) 100vw, 1024px\" \/><\/figure>\n\n\n\n<figure class=\"wp-block-image size-large\"><img loading=\"lazy\" decoding=\"async\" width=\"1024\" height=\"576\" data-id=\"2754\" src=\"https:\/\/fiachraol.com\/wp-content\/uploads\/2025\/12\/Chaos-Quiet_2.3.1-1024x576.jpg\" alt=\"\" class=\"wp-image-2754\" srcset=\"https:\/\/fiachraol.com\/wp-content\/uploads\/2025\/12\/Chaos-Quiet_2.3.1-1024x576.jpg 1024w, https:\/\/fiachraol.com\/wp-content\/uploads\/2025\/12\/Chaos-Quiet_2.3.1-300x169.jpg 300w, https:\/\/fiachraol.com\/wp-content\/uploads\/2025\/12\/Chaos-Quiet_2.3.1-768x432.jpg 768w, https:\/\/fiachraol.com\/wp-content\/uploads\/2025\/12\/Chaos-Quiet_2.3.1-1536x864.jpg 1536w, https:\/\/fiachraol.com\/wp-content\/uploads\/2025\/12\/Chaos-Quiet_2.3.1-2048x1152.jpg 2048w\" sizes=\"auto, (max-width: 1024px) 100vw, 1024px\" \/><\/figure>\n<\/figure>\n\n\n<style>.kb-row-layout-id1688_eec3d6-25 > .kt-row-column-wrap{align-content:start;}:where(.kb-row-layout-id1688_eec3d6-25 > .kt-row-column-wrap) > .wp-block-kadence-column{justify-content:start;}.kb-row-layout-id1688_eec3d6-25 > .kt-row-column-wrap{column-gap:var(--global-kb-gap-md, 2rem);row-gap:var(--global-kb-gap-md, 2rem);padding-top:0px;padding-bottom:25px;grid-template-columns:minmax(0, calc(15% - ((var(--global-kb-gap-md, 2rem) * 2 )\/3)))minmax(0, calc(70% - ((var(--global-kb-gap-md, 2rem) * 2 )\/3)))minmax(0, calc(15% - ((var(--global-kb-gap-md, 2rem) * 2 )\/3)));}.kb-row-layout-id1688_eec3d6-25 > .kt-row-layout-overlay{opacity:0.30;}@media all and (min-width: 1025px){.kb-row-layout-id1688_eec3d6-25{display:none !important;}}@media all and (max-width: 1024px){.kb-row-layout-id1688_eec3d6-25 > .kt-row-column-wrap > div:not(.added-for-specificity){grid-column:initial;}}@media all and (max-width: 1024px){.kb-row-layout-id1688_eec3d6-25 > .kt-row-column-wrap{grid-template-columns:repeat(3, minmax(0, 1fr));}}@media all and (min-width: 768px) and (max-width: 1024px){.kb-row-layout-id1688_eec3d6-25{display:none !important;}}@media all and (max-width: 767px){.kb-row-layout-id1688_eec3d6-25 > .kt-row-column-wrap > div:not(.added-for-specificity){grid-column:initial;}.kb-row-layout-id1688_eec3d6-25 > .kt-row-column-wrap{grid-template-columns:minmax(0, 1fr);}.kb-row-layout-id1688_eec3d6-25{display:none !important;}}<\/style><div class=\"kb-row-layout-wrap kb-row-layout-id1688_eec3d6-25 alignnone kb-v-lg-hidden kb-v-md-hidden kb-v-sm-hidden wp-block-kadence-rowlayout\"><div class=\"kt-row-column-wrap kt-has-3-columns kt-row-layout-equal kt-tab-layout-inherit kt-mobile-layout-row kt-row-valign-top\">\n<style>.kadence-column1688_173852-86 > .kt-inside-inner-col,.kadence-column1688_173852-86 > .kt-inside-inner-col:before{border-top-left-radius:0px;border-top-right-radius:0px;border-bottom-right-radius:0px;border-bottom-left-radius:0px;}.kadence-column1688_173852-86 > .kt-inside-inner-col{column-gap:var(--global-kb-gap-sm, 1rem);}.kadence-column1688_173852-86 > .kt-inside-inner-col{flex-direction:column;}.kadence-column1688_173852-86 > .kt-inside-inner-col > .aligncenter{width:100%;}.kadence-column1688_173852-86 > .kt-inside-inner-col:before{opacity:0.3;}.kadence-column1688_173852-86{position:relative;}@media all and (max-width: 1024px){.kadence-column1688_173852-86 > .kt-inside-inner-col{flex-direction:column;justify-content:center;}}@media all and (max-width: 767px){.kadence-column1688_173852-86 > .kt-inside-inner-col{flex-direction:column;justify-content:center;}}<\/style>\n<div class=\"wp-block-kadence-column kadence-column1688_173852-86 inner-column-1\"><div class=\"kt-inside-inner-col\"><\/div><\/div>\n\n\n<style>.kadence-column1688_71bc3e-cd > .kt-inside-inner-col,.kadence-column1688_71bc3e-cd > .kt-inside-inner-col:before{border-top-left-radius:0px;border-top-right-radius:0px;border-bottom-right-radius:0px;border-bottom-left-radius:0px;}.kadence-column1688_71bc3e-cd > .kt-inside-inner-col{column-gap:var(--global-kb-gap-sm, 1rem);}.kadence-column1688_71bc3e-cd > .kt-inside-inner-col{flex-direction:column;}.kadence-column1688_71bc3e-cd > .kt-inside-inner-col > .aligncenter{width:100%;}.kadence-column1688_71bc3e-cd > .kt-inside-inner-col:before{opacity:0.3;}.kadence-column1688_71bc3e-cd{position:relative;}@media all and (max-width: 1024px){.kadence-column1688_71bc3e-cd > .kt-inside-inner-col{flex-direction:column;justify-content:center;}}@media all and (max-width: 767px){.kadence-column1688_71bc3e-cd > .kt-inside-inner-col{flex-direction:column;justify-content:center;}}<\/style>\n<div class=\"wp-block-kadence-column kadence-column1688_71bc3e-cd inner-column-2\"><div class=\"kt-inside-inner-col\">\n<figure class=\"wp-block-embed is-type-video is-provider-youtube wp-block-embed-youtube wp-embed-aspect-16-9 wp-has-aspect-ratio\"><div class=\"wp-block-embed__wrapper\">\n<iframe loading=\"lazy\" title=\"Chaos &amp; Quiet (short documentary film)\" width=\"720\" height=\"405\" src=\"https:\/\/www.youtube.com\/embed\/ShhZ_XAi1Fs?feature=oembed\" frameborder=\"0\" allow=\"accelerometer; autoplay; clipboard-write; encrypted-media; gyroscope; picture-in-picture; web-share\" referrerpolicy=\"strict-origin-when-cross-origin\" allowfullscreen><\/iframe>\n<\/div><\/figure>\n<\/div><\/div>\n\n\n<style>.kadence-column1688_7d9990-b5 > .kt-inside-inner-col,.kadence-column1688_7d9990-b5 > .kt-inside-inner-col:before{border-top-left-radius:0px;border-top-right-radius:0px;border-bottom-right-radius:0px;border-bottom-left-radius:0px;}.kadence-column1688_7d9990-b5 > .kt-inside-inner-col{column-gap:var(--global-kb-gap-sm, 1rem);}.kadence-column1688_7d9990-b5 > .kt-inside-inner-col{flex-direction:column;}.kadence-column1688_7d9990-b5 > .kt-inside-inner-col > .aligncenter{width:100%;}.kadence-column1688_7d9990-b5 > .kt-inside-inner-col:before{opacity:0.3;}.kadence-column1688_7d9990-b5{position:relative;}@media all and (max-width: 1024px){.kadence-column1688_7d9990-b5 > .kt-inside-inner-col{flex-direction:column;justify-content:center;}}@media all and (max-width: 767px){.kadence-column1688_7d9990-b5 > .kt-inside-inner-col{flex-direction:column;justify-content:center;}}<\/style>\n<div class=\"wp-block-kadence-column kadence-column1688_7d9990-b5 inner-column-3\"><div class=\"kt-inside-inner-col\"><\/div><\/div>\n\n<\/div><\/div>\n\n\n<p><\/p>\n\n\n\n<p><\/p>\n\n\n\n<p><\/p>\n\n\n\n<p><\/p>\n","protected":false},"excerpt":{"rendered":"<p>Chaos &amp; Quiet co-directed by Fiachra \u00d3 Long\u00e1in &amp; S\u00e9an Coyle The lives of a father and son mirror each other &#8211; as professional boxer Tyrone McCullagh strives for glory, his father Vin relates his own struggles with mental health. Official selection: Jacksonville Film Festival 2023, FloridaWinner, Best Documentary Short: Red Cedar Film Festival 2022,&#8230;<\/p>\n","protected":false},"author":1,"featured_media":0,"parent":0,"menu_order":0,"comment_status":"closed","ping_status":"closed","template":"","meta":{"_kadence_starter_templates_imported_post":false,"_kad_post_transparent":"","_kad_post_title":"hide","_kad_post_layout":"fullwidth","_kad_post_sidebar_id":"","_kad_post_content_style":"","_kad_post_vertical_padding":"","_kad_post_feature":"","_kad_post_feature_position":"","_kad_post_header":false,"_kad_post_footer":false,"_kad_post_classname":"","footnotes":""},"class_list":["post-1688","page","type-page","status-publish","hentry"],"_links":{"self":[{"href":"https:\/\/fiachraol.com\/index.php\/wp-json\/wp\/v2\/pages\/1688","targetHints":{"allow":["GET"]}}],"collection":[{"href":"https:\/\/fiachraol.com\/index.php\/wp-json\/wp\/v2\/pages"}],"about":[{"href":"https:\/\/fiachraol.com\/index.php\/wp-json\/wp\/v2\/types\/page"}],"author":[{"embeddable":true,"href":"https:\/\/fiachraol.com\/index.php\/wp-json\/wp\/v2\/users\/1"}],"replies":[{"embeddable":true,"href":"https:\/\/fiachraol.com\/index.php\/wp-json\/wp\/v2\/comments?post=1688"}],"version-history":[{"count":32,"href":"https:\/\/fiachraol.com\/index.php\/wp-json\/wp\/v2\/pages\/1688\/revisions"}],"predecessor-version":[{"id":2760,"href":"https:\/\/fiachraol.com\/index.php\/wp-json\/wp\/v2\/pages\/1688\/revisions\/2760"}],"wp:attachment":[{"href":"https:\/\/fiachraol.com\/index.php\/wp-json\/wp\/v2\/media?parent=1688"}],"curies":[{"name":"wp","href":"https:\/\/api.w.org\/{rel}","templated":true}]}}